{"id":55,"date":"2020-11-29T15:28:42","date_gmt":"2020-11-29T14:28:42","guid":{"rendered":"https:\/\/shop.riedermax.at\/?page_id=55"},"modified":"2021-01-29T21:33:46","modified_gmt":"2021-01-29T20:33:46","slug":"webshop","status":"publish","type":"page","link":"https:\/\/shop.riedermax.at\/","title":{"rendered":"Startseite"},"content":{"rendered":"<div class=\"wc-block-featured-category alignwide has-background-dim\" style=\"background-image:url(https:\/\/shop.riedermax.at\/wp-content\/uploads\/2020\/11\/heizung1-scaled.jpg);min-height:500px;background-position: 53% 20%\"><h2 class=\"wc-block-featured-category__title\">Heizautomaten<\/h2><div class=\"wc-block-featured-category__description\"><p>F\u00fcr die n\u00f6tige W\u00e4rme in der kalten Jahreszeit.<br \/>\nViele verschiedene Heizprodukte f\u00fcr alle Verwendungszwecke.<br \/>\nEgal ob elektrisch, \u00d6l oder Gasbetrieben.<\/p>\n<\/div><div class=\"wc-block-featured-category__link\">\n\n<div class=\"wp-block-button aligncenter\"><a class=\"wp-block-button__link\" href=\"https:\/\/shop.riedermax.at\/?product_cat=heizautomate\">Jetzt einkaufen<\/a><\/div>\n\n<\/div><\/div>\n\n\n<figure class=\"wp-block-pullquote alignwide is-style-solid-color main-header\"><blockquote><p>Vorgeschlagene Produkte<\/p><cite>Aktuelle Artikel<\/cite><\/blockquote><\/figure>\n\n\n<div class=\"wc-block-grid wp-block-handpicked-products wc-block-handpicked-products has-4-columns has-multiple-rows alignwide product-row\"><ul class=\"wc-block-grid__products\"><li class=\"wc-block-grid__product\">\n\t\t\t\t<a href=\"https:\/\/shop.riedermax.at\/?product=remko-clk-50\" class=\"wc-block-grid__product-link\">\n\t\t\t\t\t<div class=\"wc-block-grid__product-image\"><img width=\"324\" height=\"324\" src=\"https:\/\/shop.riedermax.at\/wp-content\/uploads\/2021\/01\/Remko-CLK-Serie-1-324x324.jpg\" class=\"attachment-woocommerce_thumbnail size-woocommerce_thumbnail\" alt=\"\" loading=\"lazy\" srcset=\"https:\/\/shop.riedermax.at\/wp-content\/uploads\/2021\/01\/Remko-CLK-Serie-1-324x324.jpg 324w, https:\/\/shop.riedermax.at\/wp-content\/uploads\/2021\/01\/Remko-CLK-Serie-1-150x150.jpg 150w, https:\/\/shop.riedermax.at\/wp-content\/uploads\/2021\/01\/Remko-CLK-Serie-1-100x100.jpg 100w\" sizes=\"(max-width: 324px) 100vw, 324px\" \/><\/div>\n\t\t\t\t\t<div class=\"wc-block-grid__product-title\">Remko CLK 50<\/div>\n\t\t\t\t<\/a>\n\t\t\t\t\n\t\t\t\t<div class=\"wc-block-grid__product-price price\"><span class=\"woocommerce-Price-amount amount\"><bdi><span class=\"woocommerce-Price-currencySymbol\">&euro;<\/span>3.897,00<\/bdi><\/span><\/div>\n\t\t\t\t\n\t\t\t\t\n\t\t\t<\/li><li class=\"wc-block-grid__product\">\n\t\t\t\t<a href=\"https:\/\/shop.riedermax.at\/?product=remko-dz-h50-2\" class=\"wc-block-grid__product-link\">\n\t\t\t\t\t<div class=\"wc-block-grid__product-image\"><img width=\"324\" height=\"324\" src=\"https:\/\/shop.riedermax.at\/wp-content\/uploads\/2021\/01\/Remko-DZH-Serie-324x324.jpg\" class=\"attachment-woocommerce_thumbnail size-woocommerce_thumbnail\" alt=\"\" loading=\"lazy\" srcset=\"https:\/\/shop.riedermax.at\/wp-content\/uploads\/2021\/01\/Remko-DZH-Serie-324x324.jpg 324w, https:\/\/shop.riedermax.at\/wp-content\/uploads\/2021\/01\/Remko-DZH-Serie-150x150.jpg 150w, https:\/\/shop.riedermax.at\/wp-content\/uploads\/2021\/01\/Remko-DZH-Serie-100x100.jpg 100w\" sizes=\"(max-width: 324px) 100vw, 324px\" \/><\/div>\n\t\t\t\t\t<div class=\"wc-block-grid__product-title\">Remko DZ H50-2<\/div>\n\t\t\t\t<\/a>\n\t\t\t\t\n\t\t\t\t<div class=\"wc-block-grid__product-price price\"><span class=\"woocommerce-Price-amount amount\"><bdi><span class=\"woocommerce-Price-currencySymbol\">&euro;<\/span>2.100,00<\/bdi><\/span><\/div>\n\t\t\t\t\n\t\t\t\t\n\t\t\t<\/li><li class=\"wc-block-grid__product\">\n\t\t\t\t<a href=\"https:\/\/shop.riedermax.at\/?product=remko-oelheizsparautomat-atk-25\" class=\"wc-block-grid__product-link\">\n\t\t\t\t\t<div class=\"wc-block-grid__product-image\"><img width=\"324\" height=\"324\" src=\"https:\/\/shop.riedermax.at\/wp-content\/uploads\/2021\/01\/Remko-ATK-25-324x324.jpg\" class=\"attachment-woocommerce_thumbnail size-woocommerce_thumbnail\" alt=\"\" loading=\"lazy\" srcset=\"https:\/\/shop.riedermax.at\/wp-content\/uploads\/2021\/01\/Remko-ATK-25-324x324.jpg 324w, https:\/\/shop.riedermax.at\/wp-content\/uploads\/2021\/01\/Remko-ATK-25-150x150.jpg 150w, https:\/\/shop.riedermax.at\/wp-content\/uploads\/2021\/01\/Remko-ATK-25-100x100.jpg 100w\" sizes=\"(max-width: 324px) 100vw, 324px\" \/><\/div>\n\t\t\t\t\t<div class=\"wc-block-grid__product-title\">Remko \u00d6lheizsparautomat ATK 25<\/div>\n\t\t\t\t<\/a>\n\t\t\t\t\n\t\t\t\t<div class=\"wc-block-grid__product-price price\"><span class=\"woocommerce-Price-amount amount\"><bdi><span class=\"woocommerce-Price-currencySymbol\">&euro;<\/span>2.370,00<\/bdi><\/span><\/div>\n\t\t\t\t\n\t\t\t\t\n\t\t\t<\/li><li class=\"wc-block-grid__product\">\n\t\t\t\t<a href=\"https:\/\/shop.riedermax.at\/?product=remko-em-18000\" class=\"wc-block-grid__product-link\">\n\t\t\t\t\t<div class=\"wc-block-grid__product-image\"><img width=\"324\" height=\"296\" src=\"https:\/\/shop.riedermax.at\/wp-content\/uploads\/2021\/01\/Remko-EM-6000-18000-324x296.jpg\" class=\"attachment-woocommerce_thumbnail size-woocommerce_thumbnail\" alt=\"\" loading=\"lazy\" \/><\/div>\n\t\t\t\t\t<div class=\"wc-block-grid__product-title\">Remko EM 18000<\/div>\n\t\t\t\t<\/a>\n\t\t\t\t\n\t\t\t\t<div class=\"wc-block-grid__product-price price\"><span class=\"woocommerce-Price-amount amount\"><bdi><span class=\"woocommerce-Price-currencySymbol\">&euro;<\/span>957,00<\/bdi><\/span><\/div>\n\t\t\t\t\n\t\t\t\t\n\t\t\t<\/li><\/ul><\/div>\n\n\n<figure class=\"wp-block-pullquote alignwide is-style-solid-color main-header\"><blockquote><p>Rieder Max Lieblingsprodukte<\/p><cite>Max hat immer ein paar gute Tips f\u00fcr dich auf Lager.<\/cite><\/blockquote><\/figure>\n\n\n<div class=\"wc-block-grid wp-block-handpicked-products wc-block-handpicked-products has-4-columns has-multiple-rows alignwide product-row\"><ul class=\"wc-block-grid__products\"><li class=\"wc-block-grid__product\">\n\t\t\t\t<a href=\"https:\/\/shop.riedermax.at\/?product=remko-clk-70\" class=\"wc-block-grid__product-link\">\n\t\t\t\t\t<div class=\"wc-block-grid__product-image\"><img width=\"324\" height=\"324\" src=\"https:\/\/shop.riedermax.at\/wp-content\/uploads\/2021\/01\/Remko-CLK-Serie-1-324x324.jpg\" class=\"attachment-woocommerce_thumbnail size-woocommerce_thumbnail\" alt=\"\" loading=\"lazy\" srcset=\"https:\/\/shop.riedermax.at\/wp-content\/uploads\/2021\/01\/Remko-CLK-Serie-1-324x324.jpg 324w, https:\/\/shop.riedermax.at\/wp-content\/uploads\/2021\/01\/Remko-CLK-Serie-1-150x150.jpg 150w, https:\/\/shop.riedermax.at\/wp-content\/uploads\/2021\/01\/Remko-CLK-Serie-1-100x100.jpg 100w\" sizes=\"(max-width: 324px) 100vw, 324px\" \/><\/div>\n\t\t\t\t\t<div class=\"wc-block-grid__product-title\">Remko CLK 70<\/div>\n\t\t\t\t<\/a>\n\t\t\t\t\n\t\t\t\t<div class=\"wc-block-grid__product-price price\"><span class=\"woocommerce-Price-amount amount\"><bdi><span class=\"woocommerce-Price-currencySymbol\">&euro;<\/span>4.597,00<\/bdi><\/span><\/div>\n\t\t\t\t\n\t\t\t\t\n\t\t\t<\/li><li class=\"wc-block-grid__product\">\n\t\t\t\t<a href=\"https:\/\/shop.riedermax.at\/?product=remko-dz-h20-2\" class=\"wc-block-grid__product-link\">\n\t\t\t\t\t<div class=\"wc-block-grid__product-image\"><img width=\"324\" height=\"324\" src=\"https:\/\/shop.riedermax.at\/wp-content\/uploads\/2021\/01\/Remko-DZH-Serie-324x324.jpg\" class=\"attachment-woocommerce_thumbnail size-woocommerce_thumbnail\" alt=\"\" loading=\"lazy\" srcset=\"https:\/\/shop.riedermax.at\/wp-content\/uploads\/2021\/01\/Remko-DZH-Serie-324x324.jpg 324w, https:\/\/shop.riedermax.at\/wp-content\/uploads\/2021\/01\/Remko-DZH-Serie-150x150.jpg 150w, https:\/\/shop.riedermax.at\/wp-content\/uploads\/2021\/01\/Remko-DZH-Serie-100x100.jpg 100w\" sizes=\"(max-width: 324px) 100vw, 324px\" \/><\/div>\n\t\t\t\t\t<div class=\"wc-block-grid__product-title\">Remko DZ H20-2<\/div>\n\t\t\t\t<\/a>\n\t\t\t\t\n\t\t\t\t<div class=\"wc-block-grid__product-price price\"><span class=\"woocommerce-Price-amount amount\"><bdi><span class=\"woocommerce-Price-currencySymbol\">&euro;<\/span>1.050,00<\/bdi><\/span><\/div>\n\t\t\t\t\n\t\t\t\t\n\t\t\t<\/li><\/ul><\/div>\n\n<div class=\"wc-block-featured-category alignnone has-background-dim\" style=\"background-image:url(https:\/\/shop.riedermax.at\/wp-content\/uploads\/2021\/01\/DOLMAR-PS-420-SC-38-cm-XXL-Paket.jpg);min-height:500px;\"><h2 class=\"wc-block-featured-category__title\">Benzin-Kettens\u00e4ge<\/h2><div class=\"wc-block-featured-category__description\"><p>Benzin \u2013 Kettens\u00e4gen f\u00fcr Profis, Landwirtschaft sowie f\u00fcr Haus und Hof \u2013 Unser Motors\u00e4gen-Sortiment h\u00e4lt f\u00fcr jede Aufgabe und jeden Anwender das richtige Produkt bereit.<\/p>\n<\/div><div class=\"wc-block-featured-category__link\">\n\n<div class=\"wp-block-button aligncenter\"><a class=\"wp-block-button__link\" href=\"https:\/\/shop.riedermax.at\/?product_cat=benzin-kettensaege\">Jetzt einkaufen<\/a><\/div>\n\n<\/div><\/div>\n\n\n<figure class=\"wp-block-pullquote alignwide is-style-solid-color main-header\"><blockquote><p>Unsere meistverkauften Produkte<\/p><cite>Lass dich von unseren anderen Kunden inspirieren.<\/cite><\/blockquote><\/figure>\n\n\n<div class=\"wc-block-grid wp-block-product-best-sellers wc-block-product-best-sellers has-4-columns alignwide has-aligned-buttons product-row\"><ul class=\"wc-block-grid__products\"><li class=\"wc-block-grid__product\">\n\t\t\t\t<a href=\"https:\/\/shop.riedermax.at\/?product=remko-clk-70\" class=\"wc-block-grid__product-link\">\n\t\t\t\t\t<div class=\"wc-block-grid__product-image\"><img width=\"324\" height=\"324\" src=\"https:\/\/shop.riedermax.at\/wp-content\/uploads\/2021\/01\/Remko-CLK-Serie-1-324x324.jpg\" class=\"attachment-woocommerce_thumbnail size-woocommerce_thumbnail\" alt=\"\" loading=\"lazy\" srcset=\"https:\/\/shop.riedermax.at\/wp-content\/uploads\/2021\/01\/Remko-CLK-Serie-1-324x324.jpg 324w, https:\/\/shop.riedermax.at\/wp-content\/uploads\/2021\/01\/Remko-CLK-Serie-1-150x150.jpg 150w, https:\/\/shop.riedermax.at\/wp-content\/uploads\/2021\/01\/Remko-CLK-Serie-1-100x100.jpg 100w\" sizes=\"(max-width: 324px) 100vw, 324px\" \/><\/div>\n\t\t\t\t\t<div class=\"wc-block-grid__product-title\">Remko CLK 70<\/div>\n\t\t\t\t<\/a>\n\t\t\t\t\n\t\t\t\t<div class=\"wc-block-grid__product-price price\"><span class=\"woocommerce-Price-amount amount\"><bdi><span class=\"woocommerce-Price-currencySymbol\">&euro;<\/span>4.597,00<\/bdi><\/span><\/div>\n\t\t\t\t\n\t\t\t\t\n\t\t\t<\/li><li class=\"wc-block-grid__product\">\n\t\t\t\t<a href=\"https:\/\/shop.riedermax.at\/?product=remko-clk-50\" class=\"wc-block-grid__product-link\">\n\t\t\t\t\t<div class=\"wc-block-grid__product-image\"><img width=\"324\" height=\"324\" src=\"https:\/\/shop.riedermax.at\/wp-content\/uploads\/2021\/01\/Remko-CLK-Serie-1-324x324.jpg\" class=\"attachment-woocommerce_thumbnail size-woocommerce_thumbnail\" alt=\"\" loading=\"lazy\" srcset=\"https:\/\/shop.riedermax.at\/wp-content\/uploads\/2021\/01\/Remko-CLK-Serie-1-324x324.jpg 324w, https:\/\/shop.riedermax.at\/wp-content\/uploads\/2021\/01\/Remko-CLK-Serie-1-150x150.jpg 150w, https:\/\/shop.riedermax.at\/wp-content\/uploads\/2021\/01\/Remko-CLK-Serie-1-100x100.jpg 100w\" sizes=\"(max-width: 324px) 100vw, 324px\" \/><\/div>\n\t\t\t\t\t<div class=\"wc-block-grid__product-title\">Remko CLK 50<\/div>\n\t\t\t\t<\/a>\n\t\t\t\t\n\t\t\t\t<div class=\"wc-block-grid__product-price price\"><span class=\"woocommerce-Price-amount amount\"><bdi><span class=\"woocommerce-Price-currencySymbol\">&euro;<\/span>3.897,00<\/bdi><\/span><\/div>\n\t\t\t\t\n\t\t\t\t\n\t\t\t<\/li><li class=\"wc-block-grid__product\">\n\t\t\t\t<a href=\"https:\/\/shop.riedermax.at\/?product=remko-clk-30\" class=\"wc-block-grid__product-link\">\n\t\t\t\t\t<div class=\"wc-block-grid__product-image\"><img width=\"324\" height=\"324\" src=\"https:\/\/shop.riedermax.at\/wp-content\/uploads\/2021\/01\/Remko-CLK-Serie-1-324x324.jpg\" class=\"attachment-woocommerce_thumbnail size-woocommerce_thumbnail\" alt=\"\" loading=\"lazy\" srcset=\"https:\/\/shop.riedermax.at\/wp-content\/uploads\/2021\/01\/Remko-CLK-Serie-1-324x324.jpg 324w, https:\/\/shop.riedermax.at\/wp-content\/uploads\/2021\/01\/Remko-CLK-Serie-1-150x150.jpg 150w, https:\/\/shop.riedermax.at\/wp-content\/uploads\/2021\/01\/Remko-CLK-Serie-1-100x100.jpg 100w\" sizes=\"(max-width: 324px) 100vw, 324px\" \/><\/div>\n\t\t\t\t\t<div class=\"wc-block-grid__product-title\">Remko CLK 30<\/div>\n\t\t\t\t<\/a>\n\t\t\t\t\n\t\t\t\t<div class=\"wc-block-grid__product-price price\"><span class=\"woocommerce-Price-amount amount\"><bdi><span class=\"woocommerce-Price-currencySymbol\">&euro;<\/span>3.297,00<\/bdi><\/span><\/div>\n\t\t\t\t\n\t\t\t\t\n\t\t\t<\/li><li class=\"wc-block-grid__product\">\n\t\t\t\t<a href=\"https:\/\/shop.riedermax.at\/?product=remko-dz-h20-2\" class=\"wc-block-grid__product-link\">\n\t\t\t\t\t<div class=\"wc-block-grid__product-image\"><img width=\"324\" height=\"324\" src=\"https:\/\/shop.riedermax.at\/wp-content\/uploads\/2021\/01\/Remko-DZH-Serie-324x324.jpg\" class=\"attachment-woocommerce_thumbnail size-woocommerce_thumbnail\" alt=\"\" loading=\"lazy\" srcset=\"https:\/\/shop.riedermax.at\/wp-content\/uploads\/2021\/01\/Remko-DZH-Serie-324x324.jpg 324w, https:\/\/shop.riedermax.at\/wp-content\/uploads\/2021\/01\/Remko-DZH-Serie-150x150.jpg 150w, https:\/\/shop.riedermax.at\/wp-content\/uploads\/2021\/01\/Remko-DZH-Serie-100x100.jpg 100w\" sizes=\"(max-width: 324px) 100vw, 324px\" \/><\/div>\n\t\t\t\t\t<div class=\"wc-block-grid__product-title\">Remko DZ H20-2<\/div>\n\t\t\t\t<\/a>\n\t\t\t\t\n\t\t\t\t<div class=\"wc-block-grid__product-price price\"><span class=\"woocommerce-Price-amount amount\"><bdi><span class=\"woocommerce-Price-currencySymbol\">&euro;<\/span>1.050,00<\/bdi><\/span><\/div>\n\t\t\t\t\n\t\t\t\t\n\t\t\t<\/li><\/ul><\/div>\n\n\n<figure class=\"wp-block-pullquote alignwide is-style-solid-color main-header\"><blockquote><p>Unsere Neuank\u00f6mmlinge<\/p><cite>Was gibt&#8217;s neues beim Rieder Max.<\/cite><\/blockquote><\/figure>\n\n\n<div class=\"wc-block-grid wp-block-product-new wc-block-product-new has-4-columns alignwide product-row\"><ul class=\"wc-block-grid__products\"><li class=\"wc-block-grid__product\">\n\t\t\t\t<a href=\"https:\/\/shop.riedermax.at\/?product=remko-clk-70\" class=\"wc-block-grid__product-link\">\n\t\t\t\t\t<div class=\"wc-block-grid__product-image\"><img width=\"324\" height=\"324\" src=\"https:\/\/shop.riedermax.at\/wp-content\/uploads\/2021\/01\/Remko-CLK-Serie-1-324x324.jpg\" class=\"attachment-woocommerce_thumbnail size-woocommerce_thumbnail\" alt=\"\" loading=\"lazy\" srcset=\"https:\/\/shop.riedermax.at\/wp-content\/uploads\/2021\/01\/Remko-CLK-Serie-1-324x324.jpg 324w, https:\/\/shop.riedermax.at\/wp-content\/uploads\/2021\/01\/Remko-CLK-Serie-1-150x150.jpg 150w, https:\/\/shop.riedermax.at\/wp-content\/uploads\/2021\/01\/Remko-CLK-Serie-1-100x100.jpg 100w\" sizes=\"(max-width: 324px) 100vw, 324px\" \/><\/div>\n\t\t\t\t\t<div class=\"wc-block-grid__product-title\">Remko CLK 70<\/div>\n\t\t\t\t<\/a>\n\t\t\t\t\n\t\t\t\t<div class=\"wc-block-grid__product-price price\"><span class=\"woocommerce-Price-amount amount\"><bdi><span class=\"woocommerce-Price-currencySymbol\">&euro;<\/span>4.597,00<\/bdi><\/span><\/div>\n\t\t\t\t\n\t\t\t\t\n\t\t\t<\/li><li class=\"wc-block-grid__product\">\n\t\t\t\t<a href=\"https:\/\/shop.riedermax.at\/?product=remko-clk-50\" class=\"wc-block-grid__product-link\">\n\t\t\t\t\t<div class=\"wc-block-grid__product-image\"><img width=\"324\" height=\"324\" src=\"https:\/\/shop.riedermax.at\/wp-content\/uploads\/2021\/01\/Remko-CLK-Serie-1-324x324.jpg\" class=\"attachment-woocommerce_thumbnail size-woocommerce_thumbnail\" alt=\"\" loading=\"lazy\" srcset=\"https:\/\/shop.riedermax.at\/wp-content\/uploads\/2021\/01\/Remko-CLK-Serie-1-324x324.jpg 324w, https:\/\/shop.riedermax.at\/wp-content\/uploads\/2021\/01\/Remko-CLK-Serie-1-150x150.jpg 150w, https:\/\/shop.riedermax.at\/wp-content\/uploads\/2021\/01\/Remko-CLK-Serie-1-100x100.jpg 100w\" sizes=\"(max-width: 324px) 100vw, 324px\" \/><\/div>\n\t\t\t\t\t<div class=\"wc-block-grid__product-title\">Remko CLK 50<\/div>\n\t\t\t\t<\/a>\n\t\t\t\t\n\t\t\t\t<div class=\"wc-block-grid__product-price price\"><span class=\"woocommerce-Price-amount amount\"><bdi><span class=\"woocommerce-Price-currencySymbol\">&euro;<\/span>3.897,00<\/bdi><\/span><\/div>\n\t\t\t\t\n\t\t\t\t\n\t\t\t<\/li><li class=\"wc-block-grid__product\">\n\t\t\t\t<a href=\"https:\/\/shop.riedermax.at\/?product=remko-clk-30\" class=\"wc-block-grid__product-link\">\n\t\t\t\t\t<div class=\"wc-block-grid__product-image\"><img width=\"324\" height=\"324\" src=\"https:\/\/shop.riedermax.at\/wp-content\/uploads\/2021\/01\/Remko-CLK-Serie-1-324x324.jpg\" class=\"attachment-woocommerce_thumbnail size-woocommerce_thumbnail\" alt=\"\" loading=\"lazy\" srcset=\"https:\/\/shop.riedermax.at\/wp-content\/uploads\/2021\/01\/Remko-CLK-Serie-1-324x324.jpg 324w, https:\/\/shop.riedermax.at\/wp-content\/uploads\/2021\/01\/Remko-CLK-Serie-1-150x150.jpg 150w, https:\/\/shop.riedermax.at\/wp-content\/uploads\/2021\/01\/Remko-CLK-Serie-1-100x100.jpg 100w\" sizes=\"(max-width: 324px) 100vw, 324px\" \/><\/div>\n\t\t\t\t\t<div class=\"wc-block-grid__product-title\">Remko CLK 30<\/div>\n\t\t\t\t<\/a>\n\t\t\t\t\n\t\t\t\t<div class=\"wc-block-grid__product-price price\"><span class=\"woocommerce-Price-amount amount\"><bdi><span class=\"woocommerce-Price-currencySymbol\">&euro;<\/span>3.297,00<\/bdi><\/span><\/div>\n\t\t\t\t\n\t\t\t\t\n\t\t\t<\/li><li class=\"wc-block-grid__product\">\n\t\t\t\t<a href=\"https:\/\/shop.riedermax.at\/?product=remko-dz-h20-2\" class=\"wc-block-grid__product-link\">\n\t\t\t\t\t<div class=\"wc-block-grid__product-image\"><img width=\"324\" height=\"324\" src=\"https:\/\/shop.riedermax.at\/wp-content\/uploads\/2021\/01\/Remko-DZH-Serie-324x324.jpg\" class=\"attachment-woocommerce_thumbnail size-woocommerce_thumbnail\" alt=\"\" loading=\"lazy\" srcset=\"https:\/\/shop.riedermax.at\/wp-content\/uploads\/2021\/01\/Remko-DZH-Serie-324x324.jpg 324w, https:\/\/shop.riedermax.at\/wp-content\/uploads\/2021\/01\/Remko-DZH-Serie-150x150.jpg 150w, https:\/\/shop.riedermax.at\/wp-content\/uploads\/2021\/01\/Remko-DZH-Serie-100x100.jpg 100w\" sizes=\"(max-width: 324px) 100vw, 324px\" \/><\/div>\n\t\t\t\t\t<div class=\"wc-block-grid__product-title\">Remko DZ H20-2<\/div>\n\t\t\t\t<\/a>\n\t\t\t\t\n\t\t\t\t<div class=\"wc-block-grid__product-price price\"><span class=\"woocommerce-Price-amount amount\"><bdi><span class=\"woocommerce-Price-currencySymbol\">&euro;<\/span>1.050,00<\/bdi><\/span><\/div>\n\t\t\t\t\n\t\t\t\t\n\t\t\t<\/li><\/ul><\/div>\n\n\n<figure class=\"wp-block-pullquote alignwide is-style-solid-color main-header\"><blockquote><p>Alle Produkte<\/p><cite>Zum St\u00f6bern was unser Shop alles zu bieten hat.<\/cite><\/blockquote><\/figure>\n\n\n\n<div class=\"wp-block-woocommerce-all-products wc-block-all-products\" data-attributes=\"{&quot;alignButtons&quot;:false,&quot;columns&quot;:3,&quot;contentVisibility&quot;:{&quot;orderBy&quot;:true},&quot;isPreview&quot;:false,&quot;layoutConfig&quot;:[[&quot;woocommerce\/product-image&quot;],[&quot;woocommerce\/product-title&quot;],[&quot;woocommerce\/product-price&quot;],[&quot;woocommerce\/product-rating&quot;],[&quot;woocommerce\/product-button&quot;]],&quot;orderby&quot;:&quot;date&quot;,&quot;rows&quot;:3}\"><\/div>\n","protected":false},"excerpt":{"rendered":"<p>Vorgeschlagene Produkte Aktuelle Artikel Rieder Max Lieblingsprodukte Max hat immer ein paar gute Tips f\u00fcr dich auf Lager. Unsere meistverkauften Produkte Lass dich von unseren anderen Kunden inspirieren. Unsere Neuank\u00f6mmlinge Was gibt&#8217;s neues beim Rieder Max. Alle Produkte Zum St\u00f6bern was unser Shop alles zu bieten hat.<\/p>\n","protected":false},"author":1,"featured_media":0,"parent":0,"menu_order":0,"comment_status":"closed","ping_status":"closed","template":"template-fullwidth.php","meta":[],"_links":{"self":[{"href":"https:\/\/shop.riedermax.at\/index.php?rest_route=\/wp\/v2\/pages\/55"}],"collection":[{"href":"https:\/\/shop.riedermax.at\/index.php?rest_route=\/wp\/v2\/pages"}],"about":[{"href":"https:\/\/shop.riedermax.at\/index.php?rest_route=\/wp\/v2\/types\/page"}],"author":[{"embeddable":true,"href":"https:\/\/shop.riedermax.at\/index.php?rest_route=\/wp\/v2\/users\/1"}],"replies":[{"embeddable":true,"href":"https:\/\/shop.riedermax.at\/index.php?rest_route=%2Fwp%2Fv2%2Fcomments&post=55"}],"version-history":[{"count":22,"href":"https:\/\/shop.riedermax.at\/index.php?rest_route=\/wp\/v2\/pages\/55\/revisions"}],"predecessor-version":[{"id":173,"href":"https:\/\/shop.riedermax.at\/index.php?rest_route=\/wp\/v2\/pages\/55\/revisions\/173"}],"wp:attachment":[{"href":"https:\/\/shop.riedermax.at\/index.php?rest_route=%2Fwp%2Fv2%2Fmedia&parent=55"}],"curies":[{"name":"wp","href":"https:\/\/api.w.org\/{rel}","templated":true}]}}